{"id":3,"date":"2025-01-05T14:05:44","date_gmt":"2025-01-05T13:05:44","guid":{"rendered":"https:\/\/bagageprive.com\/?page_id=3"},"modified":"2025-01-22T08:16:00","modified_gmt":"2025-01-22T07:16:00","slug":"politique-de-confidentialite","status":"publish","type":"page","link":"https:\/\/bagageprive.com\/index.php\/politique-de-confidentialite\/","title":{"rendered":"Mentions l\u00e9gales"},"content":{"rendered":"<h2 class=\"wp-block-heading\">Mentions l\u00e9gales<\/h2><p>Conform\u00e9ment \u00e0 la l\u00e9gislation en vigueur, nous vous pr\u00e9sentons ci-dessous les mentions l\u00e9gales relatives au site\u00a0<strong>Bagage Prive<\/strong>.<\/p><h2 class=\"wp-block-heading\">1. \u00c9diteur du site<\/h2><p>Le site\u00a0<strong>Bagage Prive<\/strong> est \u00e9dit\u00e9 par la soci\u00e9t\u00e9\u00a0<strong>Intersod<\/strong>, dont les informations l\u00e9gales sont les suivantes :<\/p><ul class=\"wp-block-list\"><li><strong>D\u00e9nomination sociale<\/strong>\u00a0: Intersod<\/li>\n\n<li><strong>Forme juridique<\/strong>\u00a0: Achat-vente en gros, demi-gros, d\u00e9tail de tous produits non soumis \u00e0 r\u00e9glementation, import-export<\/li>\n\n<li><strong>Num\u00e9ro de SIRET<\/strong>\u00a0: 480037209<\/li>\n\n<li><strong>Si\u00e8ge social<\/strong>\u00a0: Zac de l\u2019Ourcq, 45 rue Delizy, 93500 Pantin, France<\/li>\n\n<li><strong>T\u00e9l\u00e9phone<\/strong>\u00a0: (+33) 1 48 11 38 80<\/li>\n\n<li><strong>Adresse email<\/strong>\u00a0:\u00a0<a>contact@intersod.fr<\/a><\/li><\/ul><h2 class=\"wp-block-heading\">2. H\u00e9bergement<\/h2><p>Le site&nbsp;<strong>Interod<\/strong>&nbsp;est h\u00e9berg\u00e9 par&nbsp;<strong>EuroDNS<\/strong>, dont les informations sont les suivantes :<\/p><ul class=\"wp-block-list\"><li><strong>Adresse<\/strong>\u00a0: 24 Rue L\u00e9on Laval, 3372 Leudelange, Luxembourg<\/li>\n\n<li><strong>Site web<\/strong>\u00a0:\u00a0<a href=\"http:\/\/www.eurodns.com\/\">www.eurodns.com<\/a><\/li><\/ul><h2 class=\"wp-block-heading\">3. Directeur de la publication<\/h2><p>Le directeur de la publication du site\u00a0<strong>Bagage Prive<\/strong> est\u00a0<strong>M. Jeremy Libeskind<\/strong>.<\/p><h2 class=\"wp-block-heading\">4. Responsable de la gestion<\/h2><p>Le site&nbsp;<strong>Interod<\/strong>&nbsp;est g\u00e9r\u00e9 par :<\/p><ul class=\"wp-block-list\"><li><strong>Nom<\/strong>\u00a0: M. Jeremy Libeskind<\/li>\n\n<li><strong>Adresse<\/strong>\u00a0: 110 Rue de Fontenay, 94300 Vincennes, France<\/li>\n\n<li><strong>Num\u00e9ro de SIRET<\/strong>\u00a0: 822 616 728<\/li>\n\n<li><strong>T\u00e9l\u00e9phone<\/strong>\u00a0: 07 60 06 22 60<\/li><\/ul><h2 class=\"wp-block-heading\">5. Propri\u00e9t\u00e9 intellectuelle<\/h2><p>Tous les contenus pr\u00e9sents sur le site&nbsp;<strong>Interod<\/strong>, incluant, de mani\u00e8re non limitative, les textes, images, graphismes, logos, vid\u00e9os, et autres documents, sont prot\u00e9g\u00e9s par les lois en vigueur sur la propri\u00e9t\u00e9 intellectuelle et appartiennent \u00e0&nbsp;<strong>Intersod<\/strong>&nbsp;ou sont utilis\u00e9s avec l\u2019autorisation de leurs propri\u00e9taires respectifs.<\/p><h2 class=\"wp-block-heading\">6. Donn\u00e9es personnelles<\/h2><p>Conform\u00e9ment au R\u00e8glement G\u00e9n\u00e9ral sur la Protection des Donn\u00e9es (RGPD),&nbsp;<strong>Intersod<\/strong>&nbsp;s\u2019engage \u00e0 prot\u00e9ger les informations personnelles collect\u00e9es sur le site. Pour toute demande relative aux donn\u00e9es personnelles, vous pouvez nous contacter \u00e0 l\u2019adresse email suivante :&nbsp;<a>contact@intersod.fr<\/a>.<\/p><h2 class=\"wp-block-heading\">7. Limitation de responsabilit\u00e9<\/h2><p><strong>Intersod<\/strong>&nbsp;s\u2019efforce de fournir des informations aussi pr\u00e9cises que possible sur son site. Toutefois, elle ne pourra \u00eatre tenue responsable des omissions, inexactitudes, et carences dans la mise \u00e0 jour de ces informations, qu\u2019elles soient de son fait ou du fait des tiers partenaires qui lui fournissent ces informations.<\/p>","protected":false},"excerpt":{"rendered":"<p>Mentions l\u00e9gales Conform\u00e9ment \u00e0 la l\u00e9gislation en vigueur, nous vous pr\u00e9sentons ci-dessous les mentions l\u00e9gales relatives au site\u00a0Bagage Prive. 1. \u00c9diteur du site Le site\u00a0Bagage Prive est \u00e9dit\u00e9 par la soci\u00e9t\u00e9\u00a0Intersod, dont les informations l\u00e9gales sont les suivantes : 2. H\u00e9bergement Le site&nbsp;Interod&nbsp;est h\u00e9berg\u00e9 par&nbsp;EuroDNS, dont les informations sont les suivantes : 3. Directeur de la publication Le directeur de la publication du site\u00a0Bagage Prive est\u00a0M. Jeremy Libeskind. 4. Responsable de la gestion Le site&nbsp;Interod&nbsp;est g\u00e9r\u00e9 par : 5. Propri\u00e9t\u00e9 intellectuelle Tous les contenus pr\u00e9sents sur le site&nbsp;Interod, incluant, de mani\u00e8re non limitative, les textes, images, graphismes, logos, vid\u00e9os, et autres documents, sont prot\u00e9g\u00e9s par les lois en vigueur sur la propri\u00e9t\u00e9 intellectuelle et appartiennent \u00e0&nbsp;Intersod&nbsp;ou sont utilis\u00e9s avec l\u2019autorisation de leurs propri\u00e9taires respectifs. 6. Donn\u00e9es personnelles Conform\u00e9ment au R\u00e8glement G\u00e9n\u00e9ral sur la Protection des Donn\u00e9es (RGPD),&nbsp;Intersod&nbsp;s\u2019engage \u00e0 prot\u00e9ger les informations personnelles collect\u00e9es sur le site. Pour toute demande relative aux donn\u00e9es personnelles, vous pouvez nous contacter \u00e0 l\u2019adresse email suivante :&nbsp;contact@intersod.fr. 7. Limitation de responsabilit\u00e9 Intersod&nbsp;s\u2019efforce de fournir des informations aussi pr\u00e9cises que possible sur son site. Toutefois, elle ne pourra \u00eatre tenue responsable des omissions, inexactitudes, et carences dans la mise \u00e0 jour de ces informations, qu\u2019elles soient de son fait ou du fait des tiers partenaires qui lui fournissent ces informations.<\/p>\n","protected":false},"author":1,"featured_media":0,"parent":0,"menu_order":0,"comment_status":"closed","ping_status":"open","template":"","meta":{"footnotes":""},"class_list":["post-3","page","type-page","status-publish","hentry"],"_links":{"self":[{"href":"https:\/\/bagageprive.com\/index.php\/wp-json\/wp\/v2\/pages\/3","targetHints":{"allow":["GET"]}}],"collection":[{"href":"https:\/\/bagageprive.com\/index.php\/wp-json\/wp\/v2\/pages"}],"about":[{"href":"https:\/\/bagageprive.com\/index.php\/wp-json\/wp\/v2\/types\/page"}],"author":[{"embeddable":true,"href":"https:\/\/bagageprive.com\/index.php\/wp-json\/wp\/v2\/users\/1"}],"replies":[{"embeddable":true,"href":"https:\/\/bagageprive.com\/index.php\/wp-json\/wp\/v2\/comments?post=3"}],"version-history":[{"count":1,"href":"https:\/\/bagageprive.com\/index.php\/wp-json\/wp\/v2\/pages\/3\/revisions"}],"predecessor-version":[{"id":20785,"href":"https:\/\/bagageprive.com\/index.php\/wp-json\/wp\/v2\/pages\/3\/revisions\/20785"}],"wp:attachment":[{"href":"https:\/\/bagageprive.com\/index.php\/wp-json\/wp\/v2\/media?parent=3"}],"curies":[{"name":"wp","href":"https:\/\/api.w.org\/{rel}","templated":true}]}}